{"id":32,"date":"2020-03-03T15:01:52","date_gmt":"2020-03-03T18:01:52","guid":{"rendered":"https:\/\/jcvidracariarj.com.br\/vidracaria\/?page_id=32"},"modified":"2020-09-30T11:36:58","modified_gmt":"2020-09-30T14:36:58","slug":"fotos-servicos","status":"publish","type":"page","link":"https:\/\/jcvidracariarj.com.br\/vidracaria\/fotos-servicos\/","title":{"rendered":"Fotos Servi\u00e7os"},"content":{"rendered":"<p>Destacamos abaixo servi\u00e7os em vidro executados por nossa empresa.<\/p>\n<p>Conhe\u00e7a tamb\u00e9m nossos servi\u00e7os mais recentes em nosso Instagram.<\/p>\n<a href=\"https:\/\/www.instagram.com\/claristemper_jc_vidracaria\/\" class=\"su-button su-button-style-glass\" style=\"color:#FFFFFF;background-color:#CF8900;border-color:#a66e00;border-radius:6px;-moz-border-radius:6px;-webkit-border-radius:6px\" target=\"_self\"><span style=\"color:#FFFFFF;padding:6px 18px;font-size:14px;line-height:21px;border-color:#dead4d;border-radius:6px;-moz-border-radius:6px;-webkit-border-radius:6px;text-shadow:none;-moz-text-shadow:none;-webkit-text-shadow:none\"><i class=\"sui sui-instagram\" style=\"font-size:14px;color:#FFFFFF\"><\/i> Instagram<\/span><\/a>\u00a0 <a href=\"https:\/\/www.facebook.com\/claristemper.jc.vidracaria\/\" class=\"su-button su-button-style-glass\" style=\"color:#FFFFFF;background-color:#2766AE;border-color:#20528c;border-radius:6px;-moz-border-radius:6px;-webkit-border-radius:6px\" target=\"_self\"><span style=\"color:#FFFFFF;padding:6px 18px;font-size:14px;line-height:21px;border-color:#6894c7;border-radius:6px;-moz-border-radius:6px;-webkit-border-radius:6px;text-shadow:none;-moz-text-shadow:none;-webkit-text-shadow:none\"><i class=\"sui sui-facebook\" style=\"font-size:14px;color:#FFFFFF\"><\/i> Facebook<\/span><\/a>\n<div class=\"rl-gallery-container rl-loading\" id=\"rl-gallery-container-1\" data-gallery_id=\"141\"> <div class=\"rl-gallery rl-basicmasonry-gallery rl-hover-effect-6 rl-hover-icon-2\" id=\"rl-gallery-1\" data-gallery_no=\"1\"> <div class=\"rl-gutter-sizer\"><\/div><div class=\"rl-grid-sizer\"><\/div> <div class=\"rl-gallery-item rl-gallery-item-width-4\" > <div class=\"rl-gallery-item-content\"> <a href=\"https:\/\/jcvidracariarj.com.br\/vidracaria\/wp-content\/uploads\/2020\/03\/000.jpg\" title=\"\" data-rl_title=\"\" class=\"rl-gallery-link\" data-rl_caption=\"\" data-rel=\"lightbox-gallery-1\"><img src=\"https:\/\/jcvidracariarj.com.br\/vidracaria\/wp-content\/uploads\/2020\/03\/000-300x201.jpg\" width=\"300\" height=\"201\" \/><span class=\"rl-gallery-caption\"><span class=\"rl-gallery-item-caption\">Esquadrias em vidro<\/span><\/span><\/a> <\/div> <\/div> <div class=\"rl-gallery-item\" > <div class=\"rl-gallery-item-content\"> <a href=\"https:\/\/jcvidracariarj.com.br\/vidracaria\/wp-content\/uploads\/2020\/03\/020.jpg\" title=\"\" data-rl_title=\"\" class=\"rl-gallery-link\" data-rl_caption=\"\" data-rel=\"lightbox-gallery-1\"><img src=\"https:\/\/jcvidracariarj.com.br\/vidracaria\/wp-content\/uploads\/2020\/03\/020-300x201.jpg\" width=\"300\" height=\"201\" \/><span class=\"rl-gallery-caption\"><span class=\"rl-gallery-item-caption\">Esquadrias em vidro<\/span><\/span><\/a> <\/div> <\/div> <div class=\"rl-gallery-item\" > <div class=\"rl-gallery-item-content\"> <a href=\"https:\/\/jcvidracariarj.com.br\/vidracaria\/wp-content\/uploads\/2020\/03\/001.jpg\" title=\"\" data-rl_title=\"\" class=\"rl-gallery-link\" data-rl_caption=\"\" data-rel=\"lightbox-gallery-1\"><img src=\"https:\/\/jcvidracariarj.com.br\/vidracaria\/wp-content\/uploads\/2020\/03\/001-300x201.jpg\" width=\"300\" height=\"201\" \/><span class=\"rl-gallery-caption\"><span class=\"rl-gallery-item-caption\">Fechamento de varanda<\/span><\/span><\/a> <\/div> <\/div> <div class=\"rl-gallery-item\" > <div class=\"rl-gallery-item-content\"> <a href=\"https:\/\/jcvidracariarj.com.br\/vidracaria\/wp-content\/uploads\/2020\/03\/006.jpg\" title=\"\" data-rl_title=\"\" class=\"rl-gallery-link\" data-rl_caption=\"\" data-rel=\"lightbox-gallery-1\"><img src=\"https:\/\/jcvidracariarj.com.br\/vidracaria\/wp-content\/uploads\/2020\/03\/006-300x201.jpg\" width=\"300\" height=\"201\" \/><span class=\"rl-gallery-caption\"><span class=\"rl-gallery-item-caption\">Fechamento de varanda<\/span><\/span><\/a> <\/div> <\/div> <div class=\"rl-gallery-item\" > <div class=\"rl-gallery-item-content\"> <a href=\"https:\/\/jcvidracariarj.com.br\/vidracaria\/wp-content\/uploads\/2020\/03\/002.jpg\" title=\"\" data-rl_title=\"\" class=\"rl-gallery-link\" data-rl_caption=\"\" data-rel=\"lightbox-gallery-1\"><img src=\"https:\/\/jcvidracariarj.com.br\/vidracaria\/wp-content\/uploads\/2020\/03\/002-300x201.jpg\" width=\"300\" height=\"201\" \/><span class=\"rl-gallery-caption\"><span class=\"rl-gallery-item-caption\">Fechamento de varanda<\/span><\/span><\/a> <\/div> <\/div> <div class=\"rl-gallery-item\" > <div class=\"rl-gallery-item-content\"> <a href=\"https:\/\/jcvidracariarj.com.br\/vidracaria\/wp-content\/uploads\/2020\/03\/030.jpg\" title=\"\" data-rl_title=\"\" class=\"rl-gallery-link\" data-rl_caption=\"\" data-rel=\"lightbox-gallery-1\"><img src=\"https:\/\/jcvidracariarj.com.br\/vidracaria\/wp-content\/uploads\/2020\/03\/030-300x201.jpg\" width=\"300\" height=\"201\" \/><span class=\"rl-gallery-caption\"><span class=\"rl-gallery-item-caption\">Fechamento de varanda<\/span><\/span><\/a> <\/div> <\/div> <div class=\"rl-gallery-item\" > <div class=\"rl-gallery-item-content\"> <a href=\"https:\/\/jcvidracariarj.com.br\/vidracaria\/wp-content\/uploads\/2020\/03\/003.jpg\" title=\"\" data-rl_title=\"\" class=\"rl-gallery-link\" data-rl_caption=\"\" data-rel=\"lightbox-gallery-1\"><img src=\"https:\/\/jcvidracariarj.com.br\/vidracaria\/wp-content\/uploads\/2020\/03\/003-300x201.jpg\" width=\"300\" height=\"201\" \/><span class=\"rl-gallery-caption\"><span class=\"rl-gallery-item-caption\">Fechamento de sacada<\/span><\/span><\/a> <\/div> <\/div> <div class=\"rl-gallery-item\" > <div class=\"rl-gallery-item-content\"> <a href=\"https:\/\/jcvidracariarj.com.br\/vidracaria\/wp-content\/uploads\/2020\/03\/005.jpg\" title=\"\" data-rl_title=\"\" class=\"rl-gallery-link\" data-rl_caption=\"\" data-rel=\"lightbox-gallery-1\"><img src=\"https:\/\/jcvidracariarj.com.br\/vidracaria\/wp-content\/uploads\/2020\/03\/005-300x201.jpg\" width=\"300\" height=\"201\" \/><span class=\"rl-gallery-caption\"><span class=\"rl-gallery-item-caption\">Fechamento de telhado<\/span><\/span><\/a> <\/div> <\/div> <div class=\"rl-gallery-item\" > <div class=\"rl-gallery-item-content\"> <a href=\"https:\/\/jcvidracariarj.com.br\/vidracaria\/wp-content\/uploads\/2020\/03\/025.jpg\" title=\"\" data-rl_title=\"\" class=\"rl-gallery-link\" data-rl_caption=\"\" data-rel=\"lightbox-gallery-1\"><img src=\"https:\/\/jcvidracariarj.com.br\/vidracaria\/wp-content\/uploads\/2020\/03\/025-300x201.jpg\" width=\"300\" height=\"201\" \/><span class=\"rl-gallery-caption\"><span class=\"rl-gallery-item-caption\">Divis\u00f3rias de vidro<\/span><\/span><\/a> <\/div> <\/div> <div class=\"rl-gallery-item\" > <div class=\"rl-gallery-item-content\"> <a href=\"https:\/\/jcvidracariarj.com.br\/vidracaria\/wp-content\/uploads\/2020\/03\/009.jpg\" title=\"\" data-rl_title=\"\" class=\"rl-gallery-link\" data-rl_caption=\"\" data-rel=\"lightbox-gallery-1\"><img src=\"https:\/\/jcvidracariarj.com.br\/vidracaria\/wp-content\/uploads\/2020\/03\/009-300x201.jpg\" width=\"300\" height=\"201\" \/><span class=\"rl-gallery-caption\"><span class=\"rl-gallery-item-caption\">Esquadrias em vidro<\/span><\/span><\/a> <\/div> <\/div> <div class=\"rl-gallery-item\" > <div class=\"rl-gallery-item-content\"> <a href=\"https:\/\/jcvidracariarj.com.br\/vidracaria\/wp-content\/uploads\/2020\/03\/007.jpg\" title=\"\" data-rl_title=\"\" class=\"rl-gallery-link\" data-rl_caption=\"\" data-rel=\"lightbox-gallery-1\"><img src=\"https:\/\/jcvidracariarj.com.br\/vidracaria\/wp-content\/uploads\/2020\/03\/007-300x201.jpg\" width=\"300\" height=\"201\" \/><span class=\"rl-gallery-caption\"><span class=\"rl-gallery-item-caption\">Esquadrias em vidro<\/span><\/span><\/a> <\/div> <\/div> <div class=\"rl-gallery-item\" > <div class=\"rl-gallery-item-content\"> <a href=\"https:\/\/jcvidracariarj.com.br\/vidracaria\/wp-content\/uploads\/2020\/03\/foto_set_2.jpg\" title=\"\" data-rl_title=\"\" class=\"rl-gallery-link\" data-rl_caption=\"\" data-rel=\"lightbox-gallery-1\"><img src=\"https:\/\/jcvidracariarj.com.br\/vidracaria\/wp-content\/uploads\/2020\/03\/foto_set_2-300x169.jpg\" width=\"300\" height=\"169\" \/><span class=\"rl-gallery-caption\"><span class=\"rl-gallery-item-caption\">Vidros Para Janelas e Esquadrias<\/span><\/span><\/a> <\/div> <\/div> <div class=\"rl-gallery-item\" > <div class=\"rl-gallery-item-content\"> <a href=\"https:\/\/jcvidracariarj.com.br\/vidracaria\/wp-content\/uploads\/2020\/03\/010.jpg\" title=\"\" data-rl_title=\"\" class=\"rl-gallery-link\" data-rl_caption=\"\" data-rel=\"lightbox-gallery-1\"><img src=\"https:\/\/jcvidracariarj.com.br\/vidracaria\/wp-content\/uploads\/2020\/03\/010-300x201.jpg\" width=\"300\" height=\"201\" \/><span class=\"rl-gallery-caption\"><span class=\"rl-gallery-item-caption\">Fechamento de \u00e1rea<\/span><\/span><\/a> <\/div> <\/div> <div class=\"rl-gallery-item\" > <div class=\"rl-gallery-item-content\"> <a href=\"https:\/\/jcvidracariarj.com.br\/vidracaria\/wp-content\/uploads\/2020\/03\/011.jpg\" title=\"\" data-rl_title=\"\" class=\"rl-gallery-link\" data-rl_caption=\"\" data-rel=\"lightbox-gallery-1\"><img src=\"https:\/\/jcvidracariarj.com.br\/vidracaria\/wp-content\/uploads\/2020\/03\/011-300x201.jpg\" width=\"300\" height=\"201\" \/><span class=\"rl-gallery-caption\"><span class=\"rl-gallery-item-caption\">Fechamento de \u00e1rea<\/span><\/span><\/a> <\/div> <\/div> <div class=\"rl-gallery-item\" > <div class=\"rl-gallery-item-content\"> <a href=\"https:\/\/jcvidracariarj.com.br\/vidracaria\/wp-content\/uploads\/2020\/03\/012.jpg\" title=\"\" data-rl_title=\"\" class=\"rl-gallery-link\" data-rl_caption=\"\" data-rel=\"lightbox-gallery-1\"><img src=\"https:\/\/jcvidracariarj.com.br\/vidracaria\/wp-content\/uploads\/2020\/03\/012-225x300.jpg\" width=\"225\" height=\"300\" \/><span class=\"rl-gallery-caption\"><span class=\"rl-gallery-item-caption\">Box Em Vidro Temperado<\/span><\/span><\/a> <\/div> <\/div> <div class=\"rl-gallery-item\" > <div class=\"rl-gallery-item-content\"> <a href=\"https:\/\/jcvidracariarj.com.br\/vidracaria\/wp-content\/uploads\/2020\/03\/013.jpg\" title=\"\" data-rl_title=\"\" class=\"rl-gallery-link\" data-rl_caption=\"\" data-rel=\"lightbox-gallery-1\"><img src=\"https:\/\/jcvidracariarj.com.br\/vidracaria\/wp-content\/uploads\/2020\/03\/013-300x201.jpg\" width=\"300\" height=\"201\" \/><span class=\"rl-gallery-caption\"><span class=\"rl-gallery-item-caption\">Kit Arm\u00e1rio Pia<\/span><\/span><\/a> <\/div> <\/div> <div class=\"rl-gallery-item\" > <div class=\"rl-gallery-item-content\"> <a href=\"https:\/\/jcvidracariarj.com.br\/vidracaria\/wp-content\/uploads\/2020\/03\/015.jpg\" title=\"\" data-rl_title=\"\" class=\"rl-gallery-link\" data-rl_caption=\"\" data-rel=\"lightbox-gallery-1\"><img src=\"https:\/\/jcvidracariarj.com.br\/vidracaria\/wp-content\/uploads\/2020\/03\/015-300x201.jpg\" width=\"300\" height=\"201\" \/><span class=\"rl-gallery-caption\"><span class=\"rl-gallery-item-caption\">Porta de correr em vidro<\/span><\/span><\/a> <\/div> <\/div> <div class=\"rl-gallery-item\" > <div class=\"rl-gallery-item-content\"> <a href=\"https:\/\/jcvidracariarj.com.br\/vidracaria\/wp-content\/uploads\/2020\/03\/016.jpg\" title=\"\" data-rl_title=\"\" class=\"rl-gallery-link\" data-rl_caption=\"\" data-rel=\"lightbox-gallery-1\"><img src=\"https:\/\/jcvidracariarj.com.br\/vidracaria\/wp-content\/uploads\/2020\/03\/016-300x201.jpg\" width=\"300\" height=\"201\" \/><span class=\"rl-gallery-caption\"><span class=\"rl-gallery-item-caption\">Box Em Vidro Temperado<\/span><\/span><\/a> <\/div> <\/div> <div class=\"rl-gallery-item\" > <div class=\"rl-gallery-item-content\"> <a href=\"https:\/\/jcvidracariarj.com.br\/vidracaria\/wp-content\/uploads\/2020\/03\/017.jpg\" title=\"\" data-rl_title=\"\" class=\"rl-gallery-link\" data-rl_caption=\"\" data-rel=\"lightbox-gallery-1\"><img src=\"https:\/\/jcvidracariarj.com.br\/vidracaria\/wp-content\/uploads\/2020\/03\/017-225x300.jpg\" width=\"225\" height=\"300\" \/><span class=\"rl-gallery-caption\"><span class=\"rl-gallery-item-caption\">Porta de correr em vidro<\/span><\/span><\/a> <\/div> <\/div> <div class=\"rl-gallery-item\" > <div class=\"rl-gallery-item-content\"> <a href=\"https:\/\/jcvidracariarj.com.br\/vidracaria\/wp-content\/uploads\/2020\/03\/foto_set_3.jpg\" title=\"\" data-rl_title=\"\" class=\"rl-gallery-link\" data-rl_caption=\"\" data-rel=\"lightbox-gallery-1\"><img src=\"https:\/\/jcvidracariarj.com.br\/vidracaria\/wp-content\/uploads\/2020\/03\/foto_set_3-300x225.jpg\" width=\"300\" height=\"225\" \/><span class=\"rl-gallery-caption\"><span class=\"rl-gallery-item-caption\">Tampos de Vidro 10mm<\/span><\/span><\/a> <\/div> <\/div> <div class=\"rl-gallery-item\" > <div class=\"rl-gallery-item-content\"> <a href=\"https:\/\/jcvidracariarj.com.br\/vidracaria\/wp-content\/uploads\/2020\/03\/018.jpg\" title=\"\" data-rl_title=\"\" class=\"rl-gallery-link\" data-rl_caption=\"\" data-rel=\"lightbox-gallery-1\"><img src=\"https:\/\/jcvidracariarj.com.br\/vidracaria\/wp-content\/uploads\/2020\/03\/018-225x300.jpg\" width=\"225\" height=\"300\" \/><span class=\"rl-gallery-caption\"><span class=\"rl-gallery-item-caption\">Box Vidro Temperado<\/span><\/span><\/a> <\/div> <\/div> <div class=\"rl-gallery-item\" > <div class=\"rl-gallery-item-content\"> <a href=\"https:\/\/jcvidracariarj.com.br\/vidracaria\/wp-content\/uploads\/2020\/03\/019.jpg\" title=\"\" data-rl_title=\"\" class=\"rl-gallery-link\" data-rl_caption=\"\" data-rel=\"lightbox-gallery-1\"><img src=\"https:\/\/jcvidracariarj.com.br\/vidracaria\/wp-content\/uploads\/2020\/03\/019-225x300.jpg\" width=\"225\" height=\"300\" \/><span class=\"rl-gallery-caption\"><span class=\"rl-gallery-item-caption\">Box Vidro Temperado<\/span><\/span><\/a> <\/div> <\/div> <div class=\"rl-gallery-item\" > <div class=\"rl-gallery-item-content\"> <a href=\"https:\/\/jcvidracariarj.com.br\/vidracaria\/wp-content\/uploads\/2020\/03\/021.jpg\" title=\"\" data-rl_title=\"\" class=\"rl-gallery-link\" data-rl_caption=\"\" data-rel=\"lightbox-gallery-1\"><img src=\"https:\/\/jcvidracariarj.com.br\/vidracaria\/wp-content\/uploads\/2020\/03\/021-300x201.jpg\" width=\"300\" height=\"201\" \/><span class=\"rl-gallery-caption\"><span class=\"rl-gallery-item-caption\">Esquadrias e guarda corpo<\/span><\/span><\/a> <\/div> <\/div> <div class=\"rl-gallery-item\" > <div class=\"rl-gallery-item-content\"> <a href=\"https:\/\/jcvidracariarj.com.br\/vidracaria\/wp-content\/uploads\/2020\/03\/foto_set_1.jpg\" title=\"\" data-rl_title=\"\" class=\"rl-gallery-link\" data-rl_caption=\"\" data-rel=\"lightbox-gallery-1\"><img src=\"https:\/\/jcvidracariarj.com.br\/vidracaria\/wp-content\/uploads\/2020\/03\/foto_set_1-300x180.jpg\" width=\"300\" height=\"180\" \/><\/a> <\/div> <\/div> <div class=\"rl-gallery-item\" > <div class=\"rl-gallery-item-content\"> <a href=\"https:\/\/jcvidracariarj.com.br\/vidracaria\/wp-content\/uploads\/2020\/03\/022.jpg\" title=\"\" data-rl_title=\"\" class=\"rl-gallery-link\" data-rl_caption=\"\" data-rel=\"lightbox-gallery-1\"><img src=\"https:\/\/jcvidracariarj.com.br\/vidracaria\/wp-content\/uploads\/2020\/03\/022-300x201.jpg\" width=\"300\" height=\"201\" \/><span class=\"rl-gallery-caption\"><span class=\"rl-gallery-item-caption\">Revestimento Pia<\/span><\/span><\/a> <\/div> <\/div> <div class=\"rl-gallery-item\" > <div class=\"rl-gallery-item-content\"> <a href=\"https:\/\/jcvidracariarj.com.br\/vidracaria\/wp-content\/uploads\/2020\/03\/023.jpg\" title=\"\" data-rl_title=\"\" class=\"rl-gallery-link\" data-rl_caption=\"\" data-rel=\"lightbox-gallery-1\"><img src=\"https:\/\/jcvidracariarj.com.br\/vidracaria\/wp-content\/uploads\/2020\/03\/023-300x201.jpg\" width=\"300\" height=\"201\" \/><span class=\"rl-gallery-caption\"><span class=\"rl-gallery-item-caption\">Fechamento de varanda<\/span><\/span><\/a> <\/div> <\/div> <div class=\"rl-gallery-item\" > <div class=\"rl-gallery-item-content\"> <a href=\"https:\/\/jcvidracariarj.com.br\/vidracaria\/wp-content\/uploads\/2020\/03\/026.jpg\" title=\"\" data-rl_title=\"\" class=\"rl-gallery-link\" data-rl_caption=\"\" data-rel=\"lightbox-gallery-1\"><img src=\"https:\/\/jcvidracariarj.com.br\/vidracaria\/wp-content\/uploads\/2020\/03\/026-300x201.jpg\" width=\"300\" height=\"201\" \/><span class=\"rl-gallery-caption\"><span class=\"rl-gallery-item-caption\">Esquadrias em vidro<\/span><\/span><\/a> <\/div> <\/div> <div class=\"rl-gallery-item\" > <div class=\"rl-gallery-item-content\"> <a href=\"https:\/\/jcvidracariarj.com.br\/vidracaria\/wp-content\/uploads\/2020\/03\/027.jpg\" title=\"\" data-rl_title=\"\" class=\"rl-gallery-link\" data-rl_caption=\"\" data-rel=\"lightbox-gallery-1\"><img src=\"https:\/\/jcvidracariarj.com.br\/vidracaria\/wp-content\/uploads\/2020\/03\/027-300x201.jpg\" width=\"300\" height=\"201\" \/><span class=\"rl-gallery-caption\"><span class=\"rl-gallery-item-caption\">Cortina de vidro<\/span><\/span><\/a> <\/div> <\/div> <div class=\"rl-gallery-item\" > <div class=\"rl-gallery-item-content\"> <a href=\"https:\/\/jcvidracariarj.com.br\/vidracaria\/wp-content\/uploads\/2020\/03\/028.jpg\" title=\"\" data-rl_title=\"\" class=\"rl-gallery-link\" data-rl_caption=\"\" data-rel=\"lightbox-gallery-1\"><img src=\"https:\/\/jcvidracariarj.com.br\/vidracaria\/wp-content\/uploads\/2020\/03\/028-300x201.jpg\" width=\"300\" height=\"201\" \/><span class=\"rl-gallery-caption\"><span class=\"rl-gallery-item-caption\">Instala\u00e7\u00e3o Vitrine Loja<\/span><\/span><\/a> <\/div> <\/div> <div class=\"rl-gallery-item\" > <div class=\"rl-gallery-item-content\"> <a href=\"https:\/\/jcvidracariarj.com.br\/vidracaria\/wp-content\/uploads\/2020\/03\/029.jpg\" title=\"\" data-rl_title=\"\" class=\"rl-gallery-link\" data-rl_caption=\"\" data-rel=\"lightbox-gallery-1\"><img src=\"https:\/\/jcvidracariarj.com.br\/vidracaria\/wp-content\/uploads\/2020\/03\/029-300x201.jpg\" width=\"300\" height=\"201\" \/><span class=\"rl-gallery-caption\"><span class=\"rl-gallery-item-caption\">Esquadrias de Vidro<\/span><\/span><\/a> <\/div> <\/div> <div class=\"rl-gallery-item\" > <div class=\"rl-gallery-item-content\"> <a href=\"https:\/\/jcvidracariarj.com.br\/vidracaria\/wp-content\/uploads\/2020\/03\/031.jpg\" title=\"\" data-rl_title=\"\" class=\"rl-gallery-link\" data-rl_caption=\"\" data-rel=\"lightbox-gallery-1\"><img src=\"https:\/\/jcvidracariarj.com.br\/vidracaria\/wp-content\/uploads\/2020\/03\/031-300x201.jpg\" width=\"300\" height=\"201\" \/><span class=\"rl-gallery-caption\"><span class=\"rl-gallery-item-caption\">Esquadrias em vidro<\/span><\/span><\/a> <\/div> <\/div> <div class=\"rl-gallery-item\" > <div class=\"rl-gallery-item-content\"> <a href=\"https:\/\/jcvidracariarj.com.br\/vidracaria\/wp-content\/uploads\/2020\/03\/032.jpg\" title=\"\" data-rl_title=\"\" class=\"rl-gallery-link\" data-rl_caption=\"\" data-rel=\"lightbox-gallery-1\"><img src=\"https:\/\/jcvidracariarj.com.br\/vidracaria\/wp-content\/uploads\/2020\/03\/032-300x201.jpg\" width=\"300\" height=\"201\" \/><span class=\"rl-gallery-caption\"><span class=\"rl-gallery-item-caption\">Fechamento de varanda com vidro<\/span><\/span><\/a> <\/div> <\/div> <div class=\"rl-gallery-item\" > <div class=\"rl-gallery-item-content\"> <a href=\"https:\/\/jcvidracariarj.com.br\/vidracaria\/wp-content\/uploads\/2020\/03\/033.jpg\" title=\"\" data-rl_title=\"\" class=\"rl-gallery-link\" data-rl_caption=\"\" data-rel=\"lightbox-gallery-1\"><img src=\"https:\/\/jcvidracariarj.com.br\/vidracaria\/wp-content\/uploads\/2020\/03\/033-300x201.jpg\" width=\"300\" height=\"201\" \/><span class=\"rl-gallery-caption\"><span class=\"rl-gallery-item-caption\">Prateleiras Loja<\/span><\/span><\/a> <\/div> <\/div> <div class=\"rl-gallery-item\" > <div class=\"rl-gallery-item-content\"> <a href=\"https:\/\/jcvidracariarj.com.br\/vidracaria\/wp-content\/uploads\/2020\/03\/foto_set_4.jpg\" title=\"\" data-rl_title=\"\" class=\"rl-gallery-link\" data-rl_caption=\"\" data-rel=\"lightbox-gallery-1\"><img src=\"https:\/\/jcvidracariarj.com.br\/vidracaria\/wp-content\/uploads\/2020\/03\/foto_set_4-180x300.jpg\" width=\"180\" height=\"300\" \/><span class=\"rl-gallery-caption\"><span class=\"rl-gallery-item-caption\">Box Blindex Banheiros<\/span><\/span><\/a> <\/div> <\/div> <\/div> <\/div>\n<p>&nbsp;<\/p>\n<a href=\"https:\/\/api.whatsapp.com\/send?phone=5521964854400\" class=\"su-button su-button-style-glass\" style=\"color:#FFFFFF;background-color:#1c993a;border-color:#177b2f;border-radius:6px;-moz-border-radius:6px;-webkit-border-radius:6px\" target=\"_self\"><span style=\"color:#FFFFFF;padding:6px 18px;font-size:14px;line-height:21px;border-color:#61b876;border-radius:6px;-moz-border-radius:6px;-webkit-border-radius:6px;text-shadow:none;-moz-text-shadow:none;-webkit-text-shadow:none\"><i class=\"sui sui-whatsapp\" style=\"font-size:14px;color:#FFFFFF\"><\/i> Whatsapp<\/span><\/a>\n","protected":false},"excerpt":{"rendered":"<p>Destacamos abaixo servi\u00e7os em vidro executados por nossa empresa. Conhe\u00e7a tamb\u00e9m nossos servi\u00e7os mais recentes em nosso Instagram. \u00a0 &nbsp;<\/p>\n","protected":false},"author":1,"featured_media":0,"parent":0,"menu_order":0,"comment_status":"closed","ping_status":"closed","template":"","meta":{"_links_to":"","_links_to_target":""},"yoast_head":"<!-- This site is optimized with the Yoast SEO plugin v15.0 - https:\/\/yoast.com\/wordpress\/plugins\/seo\/ -->\n<title>Fotos Servi\u00e7os - Vidra\u00e7aria JC<\/title>\n<meta name=\"robots\" content=\"index, follow, max-snippet:-1, max-image-preview:large, max-video-preview:-1\" \/>\n<link rel=\"canonical\" href=\"https:\/\/jcvidracariarj.com.br\/vidracaria\/fotos-servicos\/\" \/>\n<meta property=\"og:locale\" content=\"pt_BR\" \/>\n<meta property=\"og:type\" content=\"article\" \/>\n<meta property=\"og:title\" content=\"Fotos Servi\u00e7os - Vidra\u00e7aria JC\" \/>\n<meta property=\"og:description\" content=\"Destacamos abaixo servi\u00e7os em vidro executados por nossa empresa. Conhe\u00e7a tamb\u00e9m nossos servi\u00e7os mais recentes em nosso Instagram. \u00a0 &nbsp;\" \/>\n<meta property=\"og:url\" content=\"https:\/\/jcvidracariarj.com.br\/vidracaria\/fotos-servicos\/\" \/>\n<meta property=\"og:site_name\" content=\"Vidra\u00e7aria JC\" \/>\n<meta property=\"article:modified_time\" content=\"2020-09-30T14:36:58+00:00\" \/>\n<meta name=\"twitter:card\" content=\"summary_large_image\" \/>\n<script type=\"application\/ld+json\" class=\"yoast-schema-graph\">{\"@context\":\"https:\/\/schema.org\",\"@graph\":[{\"@type\":\"WebSite\",\"@id\":\"https:\/\/jcvidracariarj.com.br\/vidracaria\/#website\",\"url\":\"https:\/\/jcvidracariarj.com.br\/vidracaria\/\",\"name\":\"Vidra\\u00e7aria JC\",\"description\":\"Vidra\\u00e7aria de Alto Padr\\u00e3o no RJ\",\"potentialAction\":[{\"@type\":\"SearchAction\",\"target\":\"https:\/\/jcvidracariarj.com.br\/vidracaria\/?s={search_term_string}\",\"query-input\":\"required name=search_term_string\"}],\"inLanguage\":\"pt-BR\"},{\"@type\":\"WebPage\",\"@id\":\"https:\/\/jcvidracariarj.com.br\/vidracaria\/fotos-servicos\/#webpage\",\"url\":\"https:\/\/jcvidracariarj.com.br\/vidracaria\/fotos-servicos\/\",\"name\":\"Fotos Servi\\u00e7os - Vidra\\u00e7aria JC\",\"isPartOf\":{\"@id\":\"https:\/\/jcvidracariarj.com.br\/vidracaria\/#website\"},\"datePublished\":\"2020-03-03T18:01:52+00:00\",\"dateModified\":\"2020-09-30T14:36:58+00:00\",\"inLanguage\":\"pt-BR\",\"potentialAction\":[{\"@type\":\"ReadAction\",\"target\":[\"https:\/\/jcvidracariarj.com.br\/vidracaria\/fotos-servicos\/\"]}]}]}<\/script>\n<!-- \/ Yoast SEO plugin. -->","_links":{"self":[{"href":"https:\/\/jcvidracariarj.com.br\/vidracaria\/wp-json\/wp\/v2\/pages\/32"}],"collection":[{"href":"https:\/\/jcvidracariarj.com.br\/vidracaria\/wp-json\/wp\/v2\/pages"}],"about":[{"href":"https:\/\/jcvidracariarj.com.br\/vidracaria\/wp-json\/wp\/v2\/types\/page"}],"author":[{"embeddable":true,"href":"https:\/\/jcvidracariarj.com.br\/vidracaria\/wp-json\/wp\/v2\/users\/1"}],"replies":[{"embeddable":true,"href":"https:\/\/jcvidracariarj.com.br\/vidracaria\/wp-json\/wp\/v2\/comments?post=32"}],"version-history":[{"count":17,"href":"https:\/\/jcvidracariarj.com.br\/vidracaria\/wp-json\/wp\/v2\/pages\/32\/revisions"}],"predecessor-version":[{"id":457,"href":"https:\/\/jcvidracariarj.com.br\/vidracaria\/wp-json\/wp\/v2\/pages\/32\/revisions\/457"}],"wp:attachment":[{"href":"https:\/\/jcvidracariarj.com.br\/vidracaria\/wp-json\/wp\/v2\/media?parent=32"}],"curies":[{"name":"wp","href":"https:\/\/api.w.org\/{rel}","templated":true}]}}