{"id":30,"date":"2020-03-03T15:01:10","date_gmt":"2020-03-03T18:01:10","guid":{"rendered":"https:\/\/jcvidracariarj.com.br\/vidracaria\/?page_id=30"},"modified":"2020-03-06T12:40:45","modified_gmt":"2020-03-06T15:40:45","slug":"parcerias","status":"publish","type":"page","link":"https:\/\/jcvidracariarj.com.br\/vidracaria\/parcerias\/","title":{"rendered":"Parcerias"},"content":{"rendered":"<p>Trabalhamos com Linha de <strong>Vidros Temperados<\/strong>, <strong>Vidros Bisotado<\/strong>, <strong>Refletivos<\/strong>, <strong>Modelados<\/strong>, <strong>Laminados<\/strong> e <strong>Vidros Serigrafados<\/strong>, alem de <b>Acess\u00f3rios, Ferragens, Molas de Portas e Guarni\u00e7\u00f5es <\/b>adquiridos das melhores empresas do Pa\u00eds, destacando:<\/p>\n<div class=\"su-custom-gallery su-custom-gallery-title-hover\"><div class=\"su-custom-gallery-slide\"><a href=\"http:\/\/temperanewbox.com.br\/\" target=\"_blank\" title=\"Newbox\"><img src=\"https:\/\/jcvidracariarj.com.br\/vidracaria\/wp-content\/uploads\/2020\/03\/newbox-240x240.jpg\" alt=\"Newbox\" width=\"240\" height=\"240\" \/><span class=\"su-custom-gallery-title\">Newbox<\/span><\/a><\/div><div class=\"su-custom-gallery-slide\"><a href=\"http:\/\/molasmeron.com.br\/\" target=\"_blank\" title=\"Meron\"><img src=\"https:\/\/jcvidracariarj.com.br\/vidracaria\/wp-content\/uploads\/2020\/03\/meron-240x240.jpg\" alt=\"Meron\" width=\"240\" height=\"240\" \/><span class=\"su-custom-gallery-title\">Meron<\/span><\/a><\/div><div class=\"su-custom-gallery-slide\"><a href=\"http:\/\/www.newtemper.com.br\/\" target=\"_blank\" title=\"New Temper\"><img src=\"https:\/\/jcvidracariarj.com.br\/vidracaria\/wp-content\/uploads\/2020\/03\/logo_newtemper-240x240.jpg\" alt=\"New Temper\" width=\"240\" height=\"240\" \/><span class=\"su-custom-gallery-title\">New Temper<\/span><\/a><\/div><div class=\"su-custom-gallery-slide\"><a href=\"http:\/\/www.alindustria.com.br\/\" target=\"_blank\" title=\"alAL Ind\u00fastrias\"><img src=\"https:\/\/jcvidracariarj.com.br\/vidracaria\/wp-content\/uploads\/2020\/03\/al-240x240.jpg\" alt=\"alAL Ind\u00fastrias\" width=\"240\" height=\"240\" \/><span class=\"su-custom-gallery-title\">alAL Ind\u00fastrias<\/span><\/a><\/div><div class=\"su-clear\"><\/div><\/div>\n<p>&nbsp;<\/p>\n","protected":false},"excerpt":{"rendered":"<p>Trabalhamos com Linha de Vidros Temperados, Vidros Bisotado, Refletivos, Modelados, Laminados e Vidros Serigrafados, alem de Acess\u00f3rios, Ferragens, Molas de Portas e Guarni\u00e7\u00f5es adquiridos das melhores empresas do Pa\u00eds, destacando: &nbsp;<\/p>\n","protected":false},"author":1,"featured_media":0,"parent":0,"menu_order":0,"comment_status":"closed","ping_status":"closed","template":"","meta":{"_links_to":"","_links_to_target":""},"yoast_head":"<!-- This site is optimized with the Yoast SEO plugin v15.0 - https:\/\/yoast.com\/wordpress\/plugins\/seo\/ -->\n<title>Parcerias - Vidra\u00e7aria JC<\/title>\n<meta name=\"robots\" content=\"index, follow, max-snippet:-1, max-image-preview:large, max-video-preview:-1\" \/>\n<link rel=\"canonical\" href=\"https:\/\/jcvidracariarj.com.br\/vidracaria\/parcerias\/\" \/>\n<meta property=\"og:locale\" content=\"pt_BR\" \/>\n<meta property=\"og:type\" content=\"article\" \/>\n<meta property=\"og:title\" content=\"Parcerias - Vidra\u00e7aria JC\" \/>\n<meta property=\"og:description\" content=\"Trabalhamos com Linha de Vidros Temperados, Vidros Bisotado, Refletivos, Modelados, Laminados e Vidros Serigrafados, alem de Acess\u00f3rios, Ferragens, Molas de Portas e Guarni\u00e7\u00f5es adquiridos das melhores empresas do Pa\u00eds, destacando: &nbsp;\" \/>\n<meta property=\"og:url\" content=\"https:\/\/jcvidracariarj.com.br\/vidracaria\/parcerias\/\" \/>\n<meta property=\"og:site_name\" content=\"Vidra\u00e7aria JC\" \/>\n<meta property=\"article:modified_time\" content=\"2020-03-06T15:40:45+00:00\" \/>\n<meta name=\"twitter:card\" content=\"summary_large_image\" \/>\n<script type=\"application\/ld+json\" class=\"yoast-schema-graph\">{\"@context\":\"https:\/\/schema.org\",\"@graph\":[{\"@type\":\"WebSite\",\"@id\":\"https:\/\/jcvidracariarj.com.br\/vidracaria\/#website\",\"url\":\"https:\/\/jcvidracariarj.com.br\/vidracaria\/\",\"name\":\"Vidra\\u00e7aria JC\",\"description\":\"Vidra\\u00e7aria de Alto Padr\\u00e3o no RJ\",\"potentialAction\":[{\"@type\":\"SearchAction\",\"target\":\"https:\/\/jcvidracariarj.com.br\/vidracaria\/?s={search_term_string}\",\"query-input\":\"required name=search_term_string\"}],\"inLanguage\":\"pt-BR\"},{\"@type\":\"WebPage\",\"@id\":\"https:\/\/jcvidracariarj.com.br\/vidracaria\/parcerias\/#webpage\",\"url\":\"https:\/\/jcvidracariarj.com.br\/vidracaria\/parcerias\/\",\"name\":\"Parcerias - Vidra\\u00e7aria JC\",\"isPartOf\":{\"@id\":\"https:\/\/jcvidracariarj.com.br\/vidracaria\/#website\"},\"datePublished\":\"2020-03-03T18:01:10+00:00\",\"dateModified\":\"2020-03-06T15:40:45+00:00\",\"inLanguage\":\"pt-BR\",\"potentialAction\":[{\"@type\":\"ReadAction\",\"target\":[\"https:\/\/jcvidracariarj.com.br\/vidracaria\/parcerias\/\"]}]}]}<\/script>\n<!-- \/ Yoast SEO plugin. -->","_links":{"self":[{"href":"https:\/\/jcvidracariarj.com.br\/vidracaria\/wp-json\/wp\/v2\/pages\/30"}],"collection":[{"href":"https:\/\/jcvidracariarj.com.br\/vidracaria\/wp-json\/wp\/v2\/pages"}],"about":[{"href":"https:\/\/jcvidracariarj.com.br\/vidracaria\/wp-json\/wp\/v2\/types\/page"}],"author":[{"embeddable":true,"href":"https:\/\/jcvidracariarj.com.br\/vidracaria\/wp-json\/wp\/v2\/users\/1"}],"replies":[{"embeddable":true,"href":"https:\/\/jcvidracariarj.com.br\/vidracaria\/wp-json\/wp\/v2\/comments?post=30"}],"version-history":[{"count":11,"href":"https:\/\/jcvidracariarj.com.br\/vidracaria\/wp-json\/wp\/v2\/pages\/30\/revisions"}],"predecessor-version":[{"id":392,"href":"https:\/\/jcvidracariarj.com.br\/vidracaria\/wp-json\/wp\/v2\/pages\/30\/revisions\/392"}],"wp:attachment":[{"href":"https:\/\/jcvidracariarj.com.br\/vidracaria\/wp-json\/wp\/v2\/media?parent=30"}],"curies":[{"name":"wp","href":"https:\/\/api.w.org\/{rel}","templated":true}]}}