{"id":28,"date":"2020-03-03T15:00:54","date_gmt":"2020-03-03T18:00:54","guid":{"rendered":"https:\/\/jcvidracariarj.com.br\/vidracaria\/?page_id=28"},"modified":"2020-09-30T11:55:13","modified_gmt":"2020-09-30T14:55:13","slug":"sobre-nos","status":"publish","type":"page","link":"https:\/\/jcvidracariarj.com.br\/vidracaria\/sobre-nos\/","title":{"rendered":"Sobre N\u00f3s"},"content":{"rendered":"<p>Atuando no segmento de vidra\u00e7aria desde 1989, nossa empresa reune tradi\u00e7\u00e3o no setor vidraceiro, conjugada a bons servi\u00e7os, executados por profissionais altamente qualificados, com agilidade e qualidade em cada detalhe.<\/p>\n<p>Com unidade de produ\u00e7\u00e3o e escrit\u00f3rio em Olaria, a empresa atua em toda a cidade do Rio de Janeiro &#8211; e demais cidades em projetos de maior porte &#8211; com o aporte de frota propria, sistema de atendimento presencial e online e com produtos adquiridos dos melhores fabricantes do mercado de vidro.<\/p>\n<p>Fale conosco e comprove nosso diferencial de qualidade desde o primeiro atendimento.<\/p>\n<h2>JC Vidra\u00e7aria e Claristemper: vidros para toda obra!<\/h2>\n<p>&nbsp;<\/p>\n<div class=\"su-note\" id=\"\" style=\"border-color:#dadada;border-radius:3px;-moz-border-radius:3px;-webkit-border-radius:3px;\"><div class=\"su-note-inner su-u-clearfix su-u-trim\" style=\"background-color:#F4F4F4;border-color:#ffffff;color:#333333;border-radius:3px;-moz-border-radius:3px;-webkit-border-radius:3px;\">\n<h3>Nossos Valores<\/h3>\n<p>Oferecer um servi\u00e7o de qualidade no segmento de vidros, buscando sempre o nosso desenvolvimento para a melhoria cont\u00ednua da satisfa\u00e7\u00e3o dos nossos clientes parceiros e funcion\u00e1rios e demais partes interessadas.<\/div><\/div>\n<div class=\"su-note\" id=\"\" style=\"border-color:#dadada;border-radius:3px;-moz-border-radius:3px;-webkit-border-radius:3px;\"><div class=\"su-note-inner su-u-clearfix su-u-trim\" style=\"background-color:#F4F4F4;border-color:#ffffff;color:#333333;border-radius:3px;-moz-border-radius:3px;-webkit-border-radius:3px;\">\n<h3>Nossa miss\u00e3o<\/h3>\n<p>Oferecer aos clientes em v\u00e1rios segmentos o servi\u00e7o de vidra\u00e7aria com qualidade, proporcionando maior satisfa\u00e7\u00e3o com o melhor produto buscando sempre a melhoria cont\u00ednua.<\/p>\n<\/div><\/div>\n<div class=\"su-note\" id=\"\" style=\"border-color:#dadada;border-radius:3px;-moz-border-radius:3px;-webkit-border-radius:3px;\"><div class=\"su-note-inner su-u-clearfix su-u-trim\" style=\"background-color:#F4F4F4;border-color:#ffffff;color:#333333;border-radius:3px;-moz-border-radius:3px;-webkit-border-radius:3px;\">\n<h3>Nossa Vis\u00e3o<\/h3>\n<p>Tornar-se a melhor e mais lembrada empresa do setor de atendimento aos segmentos de arquitetura e com\u00e9rcio, com altos \u00edndices de organiza\u00e7\u00e3o e satisfa\u00e7\u00e3o dos clientes, trazendo o que h\u00e1 de melhor no mercado.<\/div><\/div>\n<p><img loading=\"lazy\" class=\"wp-image-268 size-full aligncenter\" src=\"https:\/\/jcvidracariarj.com.br\/vidracaria\/wp-content\/uploads\/2020\/03\/LOGOY.jpg\" alt=\"\" width=\"600\" height=\"274\" srcset=\"https:\/\/jcvidracariarj.com.br\/vidracaria\/wp-content\/uploads\/2020\/03\/LOGOY.jpg 600w, https:\/\/jcvidracariarj.com.br\/vidracaria\/wp-content\/uploads\/2020\/03\/LOGOY-300x137.jpg 300w\" sizes=\"(max-width: 600px) 100vw, 600px\" \/><\/p>\n<p><strong>Rua Leopoldina Rego, 360, Olaria, Rio de Janeiro, RJ | CEP: 21021-520<\/strong><\/p>\n<p><iframe style=\"border: 0;\" src=\"https:\/\/www.google.com\/maps\/embed?pb=!1m18!1m12!1m3!1d1545.8907741677644!2d-43.26629308454333!3d-22.848045766645452!2m3!1f0!2f0!3f0!3m2!1i1024!2i768!4f13.1!3m3!1m2!1s0x997bee20ee8beb%3A0x1c36a3d099e1b635!2sRua%20Leopoldina%20R%C3%AAgo%2C%20360%20-%20Ramos%2C%20Rio%20de%20Janeiro%20-%20RJ%2C%2021021-520!5e0!3m2!1spt-BR!2sbr!4v1583446189563!5m2!1spt-BR!2sbr\" width=\"600\" height=\"450\" frameborder=\"0\" allowfullscreen=\"allowfullscreen\"><\/iframe><\/p>\n<div class=\"rl-gallery-container rl-loading rl-pagination-infinite\" id=\"rl-gallery-container-1\" data-gallery_id=\"459\"> <div class=\"rl-gallery rl-basicmasonry-gallery \" id=\"rl-gallery-1\" data-gallery_no=\"1\"> <div class=\"rl-gutter-sizer\"><\/div><div class=\"rl-grid-sizer\"><\/div> <div class=\"rl-gallery-item rl-gallery-item-width-4\" > <div class=\"rl-gallery-item-content\"> <a href=\"https:\/\/jcvidracariarj.com.br\/vidracaria\/wp-content\/uploads\/2020\/03\/foto_set_4.jpg\" title=\"\" data-rl_title=\"\" class=\"rl-gallery-link\" data-rl_caption=\"\" data-rel=\"lightbox-gallery-1\"><img src=\"https:\/\/jcvidracariarj.com.br\/vidracaria\/wp-content\/uploads\/2020\/03\/foto_set_4-180x300.jpg\" width=\"180\" height=\"300\" \/><\/a> <\/div> <\/div> <div class=\"rl-gallery-item\" > <div class=\"rl-gallery-item-content\"> <a href=\"https:\/\/jcvidracariarj.com.br\/vidracaria\/wp-content\/uploads\/2020\/03\/foto_set_1.jpg\" title=\"\" data-rl_title=\"\" class=\"rl-gallery-link\" data-rl_caption=\"\" data-rel=\"lightbox-gallery-1\"><img src=\"https:\/\/jcvidracariarj.com.br\/vidracaria\/wp-content\/uploads\/2020\/03\/foto_set_1-300x180.jpg\" width=\"300\" height=\"180\" \/><\/a> <\/div> <\/div> <div class=\"rl-gallery-item\" > <div class=\"rl-gallery-item-content\"> <a href=\"https:\/\/jcvidracariarj.com.br\/vidracaria\/wp-content\/uploads\/2020\/03\/foto_set_2.jpg\" title=\"\" data-rl_title=\"\" class=\"rl-gallery-link\" data-rl_caption=\"\" data-rel=\"lightbox-gallery-1\"><img src=\"https:\/\/jcvidracariarj.com.br\/vidracaria\/wp-content\/uploads\/2020\/03\/foto_set_2-300x169.jpg\" width=\"300\" height=\"169\" \/><\/a> <\/div> <\/div> <div class=\"rl-gallery-item\" > <div class=\"rl-gallery-item-content\"> <a href=\"https:\/\/jcvidracariarj.com.br\/vidracaria\/wp-content\/uploads\/2020\/03\/box6.jpg\" title=\"\" data-rl_title=\"\" class=\"rl-gallery-link\" data-rl_caption=\"\" data-rel=\"lightbox-gallery-1\"><img src=\"https:\/\/jcvidracariarj.com.br\/vidracaria\/wp-content\/uploads\/2020\/03\/box6-225x300.jpg\" width=\"225\" height=\"300\" \/><\/a> <\/div> <\/div> <div class=\"rl-gallery-item\" > <div class=\"rl-gallery-item-content\"> <a href=\"https:\/\/jcvidracariarj.com.br\/vidracaria\/wp-content\/uploads\/2020\/03\/foto_set_3.jpg\" title=\"\" data-rl_title=\"\" class=\"rl-gallery-link\" data-rl_caption=\"\" data-rel=\"lightbox-gallery-1\"><img src=\"https:\/\/jcvidracariarj.com.br\/vidracaria\/wp-content\/uploads\/2020\/03\/foto_set_3-300x225.jpg\" width=\"300\" height=\"225\" \/><\/a> <\/div> <\/div> <div class=\"rl-gallery-item\" > <div class=\"rl-gallery-item-content\"> <a href=\"https:\/\/jcvidracariarj.com.br\/vidracaria\/wp-content\/uploads\/2020\/03\/gyuarda-corpo.jpg\" title=\"\" data-rl_title=\"\" class=\"rl-gallery-link\" data-rl_caption=\"\" data-rel=\"lightbox-gallery-1\"><img src=\"https:\/\/jcvidracariarj.com.br\/vidracaria\/wp-content\/uploads\/2020\/03\/gyuarda-corpo-300x201.jpg\" width=\"300\" height=\"201\" \/><\/a> <\/div> <\/div> <div class=\"rl-gallery-item\" > <div class=\"rl-gallery-item-content\"> <a href=\"https:\/\/jcvidracariarj.com.br\/vidracaria\/wp-content\/uploads\/2020\/03\/tampo4.jpg\" title=\"\" data-rl_title=\"\" class=\"rl-gallery-link\" data-rl_caption=\"\" data-rel=\"lightbox-gallery-1\"><img src=\"https:\/\/jcvidracariarj.com.br\/vidracaria\/wp-content\/uploads\/2020\/03\/tampo4-300x201.jpg\" width=\"300\" height=\"201\" \/><\/a> <\/div> <\/div> <div class=\"rl-gallery-item\" > <div class=\"rl-gallery-item-content\"> <a href=\"https:\/\/jcvidracariarj.com.br\/vidracaria\/wp-content\/uploads\/2020\/03\/028.jpg\" title=\"\" data-rl_title=\"\" class=\"rl-gallery-link\" data-rl_caption=\"\" data-rel=\"lightbox-gallery-1\"><img src=\"https:\/\/jcvidracariarj.com.br\/vidracaria\/wp-content\/uploads\/2020\/03\/028-300x201.jpg\" width=\"300\" height=\"201\" \/><\/a> <\/div> <\/div> <div class=\"rl-gallery-item\" > <div class=\"rl-gallery-item-content\"> <a href=\"https:\/\/jcvidracariarj.com.br\/vidracaria\/wp-content\/uploads\/2020\/03\/029.jpg\" title=\"\" data-rl_title=\"\" class=\"rl-gallery-link\" data-rl_caption=\"\" data-rel=\"lightbox-gallery-1\"><img src=\"https:\/\/jcvidracariarj.com.br\/vidracaria\/wp-content\/uploads\/2020\/03\/029-300x201.jpg\" width=\"300\" height=\"201\" \/><\/a> <\/div> <\/div> <div class=\"rl-gallery-item\" > <div class=\"rl-gallery-item-content\"> <a href=\"https:\/\/jcvidracariarj.com.br\/vidracaria\/wp-content\/uploads\/2020\/03\/030.jpg\" title=\"\" data-rl_title=\"\" class=\"rl-gallery-link\" data-rl_caption=\"\" data-rel=\"lightbox-gallery-1\"><img src=\"https:\/\/jcvidracariarj.com.br\/vidracaria\/wp-content\/uploads\/2020\/03\/030-300x201.jpg\" width=\"300\" height=\"201\" \/><\/a> <\/div> <\/div> <\/div> <div class=\"rl-pagination rl-pagination-bottom\" data-button=\"automatically\"><span aria-current=\"page\" class=\"page-numbers current\">1<\/span> <a class=\"page-numbers\" href=\"https:\/\/jcvidracariarj.com.br\/vidracaria\/rl_gallery\/carrousel\/?rl_gallery_no=1&#038;rl_page=2\">2<\/a> <a class=\"page-numbers\" href=\"https:\/\/jcvidracariarj.com.br\/vidracaria\/rl_gallery\/carrousel\/?rl_gallery_no=1&#038;rl_page=3\">3<\/a> <a class=\"next page-numbers\" href=\"https:\/\/jcvidracariarj.com.br\/vidracaria\/rl_gallery\/carrousel\/?rl_gallery_no=1&#038;rl_page=2\">Next &raquo;<\/a><\/div> <\/div>\n","protected":false},"excerpt":{"rendered":"<p>Atuando no segmento de vidra\u00e7aria desde 1989, nossa empresa reune tradi\u00e7\u00e3o no setor vidraceiro, conjugada a bons servi\u00e7os, executados por profissionais altamente qualificados, com agilidade e qualidade em cada detalhe. Com unidade de produ\u00e7\u00e3o e escrit\u00f3rio em Olaria, a empresa atua em toda a cidade do Rio de Janeiro &#8211; e demais cidades em projetos de maior porte &#8211; com o aporte de frota propria, sistema de atendimento presencial e online e com produtos adquiridos dos melhores fabricantes do mercado de vidro. Fale conosco e comprove nosso diferencial de qualidade desde o primeiro atendimento. JC Vidra\u00e7aria e Claristemper: vidros para&#8230; <\/p>\n","protected":false},"author":1,"featured_media":0,"parent":0,"menu_order":0,"comment_status":"closed","ping_status":"closed","template":"","meta":{"_links_to":"","_links_to_target":""},"yoast_head":"<!-- This site is optimized with the Yoast SEO plugin v15.0 - https:\/\/yoast.com\/wordpress\/plugins\/seo\/ -->\n<title>Sobre N\u00f3s - Vidra\u00e7aria JC<\/title>\n<meta name=\"robots\" content=\"index, follow, max-snippet:-1, max-image-preview:large, max-video-preview:-1\" \/>\n<link rel=\"canonical\" href=\"https:\/\/jcvidracariarj.com.br\/vidracaria\/sobre-nos\/\" \/>\n<meta property=\"og:locale\" content=\"pt_BR\" \/>\n<meta property=\"og:type\" content=\"article\" \/>\n<meta property=\"og:title\" content=\"Sobre N\u00f3s - Vidra\u00e7aria JC\" \/>\n<meta property=\"og:description\" content=\"Atuando no segmento de vidra\u00e7aria desde 1989, nossa empresa reune tradi\u00e7\u00e3o no setor vidraceiro, conjugada a bons servi\u00e7os, executados por profissionais altamente qualificados, com agilidade e qualidade em cada detalhe. Com unidade de produ\u00e7\u00e3o e escrit\u00f3rio em Olaria, a empresa atua em toda a cidade do Rio de Janeiro &#8211; e demais cidades em projetos de maior porte &#8211; com o aporte de frota propria, sistema de atendimento presencial e online e com produtos adquiridos dos melhores fabricantes do mercado de vidro. Fale conosco e comprove nosso diferencial de qualidade desde o primeiro atendimento. JC Vidra\u00e7aria e Claristemper: vidros para...\" \/>\n<meta property=\"og:url\" content=\"https:\/\/jcvidracariarj.com.br\/vidracaria\/sobre-nos\/\" \/>\n<meta property=\"og:site_name\" content=\"Vidra\u00e7aria JC\" \/>\n<meta property=\"article:modified_time\" content=\"2020-09-30T14:55:13+00:00\" \/>\n<meta property=\"og:image\" content=\"https:\/\/jcvidracariarj.com.br\/vidracaria\/wp-content\/uploads\/2020\/03\/LOGOY.jpg\" \/>\n<meta name=\"twitter:card\" content=\"summary_large_image\" \/>\n<script type=\"application\/ld+json\" class=\"yoast-schema-graph\">{\"@context\":\"https:\/\/schema.org\",\"@graph\":[{\"@type\":\"WebSite\",\"@id\":\"https:\/\/jcvidracariarj.com.br\/vidracaria\/#website\",\"url\":\"https:\/\/jcvidracariarj.com.br\/vidracaria\/\",\"name\":\"Vidra\\u00e7aria JC\",\"description\":\"Vidra\\u00e7aria de Alto Padr\\u00e3o no RJ\",\"potentialAction\":[{\"@type\":\"SearchAction\",\"target\":\"https:\/\/jcvidracariarj.com.br\/vidracaria\/?s={search_term_string}\",\"query-input\":\"required name=search_term_string\"}],\"inLanguage\":\"pt-BR\"},{\"@type\":\"ImageObject\",\"@id\":\"https:\/\/jcvidracariarj.com.br\/vidracaria\/sobre-nos\/#primaryimage\",\"inLanguage\":\"pt-BR\",\"url\":\"https:\/\/jcvidracariarj.com.br\/vidracaria\/wp-content\/uploads\/2020\/03\/LOGOY.jpg\",\"width\":600,\"height\":274},{\"@type\":\"WebPage\",\"@id\":\"https:\/\/jcvidracariarj.com.br\/vidracaria\/sobre-nos\/#webpage\",\"url\":\"https:\/\/jcvidracariarj.com.br\/vidracaria\/sobre-nos\/\",\"name\":\"Sobre N\\u00f3s - Vidra\\u00e7aria JC\",\"isPartOf\":{\"@id\":\"https:\/\/jcvidracariarj.com.br\/vidracaria\/#website\"},\"primaryImageOfPage\":{\"@id\":\"https:\/\/jcvidracariarj.com.br\/vidracaria\/sobre-nos\/#primaryimage\"},\"datePublished\":\"2020-03-03T18:00:54+00:00\",\"dateModified\":\"2020-09-30T14:55:13+00:00\",\"inLanguage\":\"pt-BR\",\"potentialAction\":[{\"@type\":\"ReadAction\",\"target\":[\"https:\/\/jcvidracariarj.com.br\/vidracaria\/sobre-nos\/\"]}]}]}<\/script>\n<!-- \/ Yoast SEO plugin. -->","_links":{"self":[{"href":"https:\/\/jcvidracariarj.com.br\/vidracaria\/wp-json\/wp\/v2\/pages\/28"}],"collection":[{"href":"https:\/\/jcvidracariarj.com.br\/vidracaria\/wp-json\/wp\/v2\/pages"}],"about":[{"href":"https:\/\/jcvidracariarj.com.br\/vidracaria\/wp-json\/wp\/v2\/types\/page"}],"author":[{"embeddable":true,"href":"https:\/\/jcvidracariarj.com.br\/vidracaria\/wp-json\/wp\/v2\/users\/1"}],"replies":[{"embeddable":true,"href":"https:\/\/jcvidracariarj.com.br\/vidracaria\/wp-json\/wp\/v2\/comments?post=28"}],"version-history":[{"count":17,"href":"https:\/\/jcvidracariarj.com.br\/vidracaria\/wp-json\/wp\/v2\/pages\/28\/revisions"}],"predecessor-version":[{"id":460,"href":"https:\/\/jcvidracariarj.com.br\/vidracaria\/wp-json\/wp\/v2\/pages\/28\/revisions\/460"}],"wp:attachment":[{"href":"https:\/\/jcvidracariarj.com.br\/vidracaria\/wp-json\/wp\/v2\/media?parent=28"}],"curies":[{"name":"wp","href":"https:\/\/api.w.org\/{rel}","templated":true}]}}