{"id":15,"date":"2020-03-03T14:58:14","date_gmt":"2020-03-03T17:58:14","guid":{"rendered":"https:\/\/jcvidracariarj.com.br\/vidracaria\/?page_id=15"},"modified":"2020-03-06T12:07:30","modified_gmt":"2020-03-06T15:07:30","slug":"outros","status":"publish","type":"page","link":"https:\/\/jcvidracariarj.com.br\/vidracaria\/outros\/","title":{"rendered":"Outros"},"content":{"rendered":"<p>Clique nos t\u00f3picos abaixo e selecione o servi\u00e7os em vidra\u00e7aria desejado:<\/p>\n<h3><ul id=\"menu-servicos\" class=\"menu\"><li id=\"menu-item-49\" class=\"menu-item menu-item-type-post_type menu-item-object-page menu-item-49\"><a href=\"https:\/\/jcvidracariarj.com.br\/vidracaria\/box-blindex\/\">Box De Vidro Temperado<\/a><\/li>\n<li id=\"menu-item-52\" class=\"menu-item menu-item-type-post_type menu-item-object-page menu-item-52\"><a href=\"https:\/\/jcvidracariarj.com.br\/vidracaria\/porta-de-correr-e-janela\/\">Portas e Janela Vidro<\/a><\/li>\n<li id=\"menu-item-51\" class=\"menu-item menu-item-type-post_type menu-item-object-page menu-item-51\"><a href=\"https:\/\/jcvidracariarj.com.br\/vidracaria\/fechamento-varanda-e-areas\/\">Fechamento de \u00c1reas<\/a><\/li>\n<li id=\"menu-item-48\" class=\"menu-item menu-item-type-post_type menu-item-object-page menu-item-48\"><a href=\"https:\/\/jcvidracariarj.com.br\/vidracaria\/armario-kit-pia-vidro\/\">Arm\u00e1rio Kit Pia Vidro Temperado<\/a><\/li>\n<li id=\"menu-item-50\" class=\"menu-item menu-item-type-post_type menu-item-object-page menu-item-50\"><a href=\"https:\/\/jcvidracariarj.com.br\/vidracaria\/espelhos\/\">Espelhos<\/a><\/li>\n<li id=\"menu-item-53\" class=\"menu-item menu-item-type-post_type menu-item-object-page menu-item-53\"><a href=\"https:\/\/jcvidracariarj.com.br\/vidracaria\/tampos-de-mesa\/\">Tampos de Mesa<\/a><\/li>\n<li id=\"menu-item-239\" class=\"menu-item menu-item-type-post_type menu-item-object-page menu-item-239\"><a href=\"https:\/\/jcvidracariarj.com.br\/vidracaria\/outros-servicos\/\">Outros Servi\u00e7os<\/a><\/li>\n<\/ul><\/h3>\n<p>&nbsp;<\/p>\n<p><img loading=\"lazy\" class=\"alignnone wp-image-337 size-full\" src=\"https:\/\/jcvidracariarj.com.br\/vidracaria\/wp-content\/uploads\/2020\/03\/banner2.jpg\" alt=\"\" width=\"800\" height=\"250\" srcset=\"https:\/\/jcvidracariarj.com.br\/vidracaria\/wp-content\/uploads\/2020\/03\/banner2.jpg 800w, https:\/\/jcvidracariarj.com.br\/vidracaria\/wp-content\/uploads\/2020\/03\/banner2-300x94.jpg 300w, https:\/\/jcvidracariarj.com.br\/vidracaria\/wp-content\/uploads\/2020\/03\/banner2-768x240.jpg 768w\" sizes=\"(max-width: 800px) 100vw, 800px\" \/><\/p>\n","protected":false},"excerpt":{"rendered":"<p>Clique nos t\u00f3picos abaixo e selecione o servi\u00e7os em vidra\u00e7aria desejado: &nbsp;<\/p>\n","protected":false},"author":1,"featured_media":0,"parent":0,"menu_order":0,"comment_status":"closed","ping_status":"closed","template":"","meta":{"_links_to":"","_links_to_target":""},"yoast_head":"<!-- This site is optimized with the Yoast SEO plugin v15.0 - https:\/\/yoast.com\/wordpress\/plugins\/seo\/ -->\n<title>Outros - Vidra\u00e7aria JC<\/title>\n<meta name=\"robots\" content=\"index, follow, max-snippet:-1, max-image-preview:large, max-video-preview:-1\" \/>\n<link rel=\"canonical\" href=\"https:\/\/jcvidracariarj.com.br\/vidracaria\/outros\/\" \/>\n<meta property=\"og:locale\" content=\"pt_BR\" \/>\n<meta property=\"og:type\" content=\"article\" \/>\n<meta property=\"og:title\" content=\"Outros - Vidra\u00e7aria JC\" \/>\n<meta property=\"og:description\" content=\"Clique nos t\u00f3picos abaixo e selecione o servi\u00e7os em vidra\u00e7aria desejado: &nbsp;\" \/>\n<meta property=\"og:url\" content=\"https:\/\/jcvidracariarj.com.br\/vidracaria\/outros\/\" \/>\n<meta property=\"og:site_name\" content=\"Vidra\u00e7aria JC\" \/>\n<meta property=\"article:modified_time\" content=\"2020-03-06T15:07:30+00:00\" \/>\n<meta property=\"og:image\" content=\"https:\/\/jcvidracariarj.com.br\/vidracaria\/wp-content\/uploads\/2020\/03\/banner2.jpg\" \/>\n<meta name=\"twitter:card\" content=\"summary_large_image\" \/>\n<script type=\"application\/ld+json\" class=\"yoast-schema-graph\">{\"@context\":\"https:\/\/schema.org\",\"@graph\":[{\"@type\":\"WebSite\",\"@id\":\"https:\/\/jcvidracariarj.com.br\/vidracaria\/#website\",\"url\":\"https:\/\/jcvidracariarj.com.br\/vidracaria\/\",\"name\":\"Vidra\\u00e7aria JC\",\"description\":\"Vidra\\u00e7aria de Alto Padr\\u00e3o no RJ\",\"potentialAction\":[{\"@type\":\"SearchAction\",\"target\":\"https:\/\/jcvidracariarj.com.br\/vidracaria\/?s={search_term_string}\",\"query-input\":\"required name=search_term_string\"}],\"inLanguage\":\"pt-BR\"},{\"@type\":\"ImageObject\",\"@id\":\"https:\/\/jcvidracariarj.com.br\/vidracaria\/outros\/#primaryimage\",\"inLanguage\":\"pt-BR\",\"url\":\"https:\/\/jcvidracariarj.com.br\/vidracaria\/wp-content\/uploads\/2020\/03\/banner2.jpg\",\"width\":800,\"height\":250},{\"@type\":\"WebPage\",\"@id\":\"https:\/\/jcvidracariarj.com.br\/vidracaria\/outros\/#webpage\",\"url\":\"https:\/\/jcvidracariarj.com.br\/vidracaria\/outros\/\",\"name\":\"Outros - Vidra\\u00e7aria JC\",\"isPartOf\":{\"@id\":\"https:\/\/jcvidracariarj.com.br\/vidracaria\/#website\"},\"primaryImageOfPage\":{\"@id\":\"https:\/\/jcvidracariarj.com.br\/vidracaria\/outros\/#primaryimage\"},\"datePublished\":\"2020-03-03T17:58:14+00:00\",\"dateModified\":\"2020-03-06T15:07:30+00:00\",\"inLanguage\":\"pt-BR\",\"potentialAction\":[{\"@type\":\"ReadAction\",\"target\":[\"https:\/\/jcvidracariarj.com.br\/vidracaria\/outros\/\"]}]}]}<\/script>\n<!-- \/ Yoast SEO plugin. -->","_links":{"self":[{"href":"https:\/\/jcvidracariarj.com.br\/vidracaria\/wp-json\/wp\/v2\/pages\/15"}],"collection":[{"href":"https:\/\/jcvidracariarj.com.br\/vidracaria\/wp-json\/wp\/v2\/pages"}],"about":[{"href":"https:\/\/jcvidracariarj.com.br\/vidracaria\/wp-json\/wp\/v2\/types\/page"}],"author":[{"embeddable":true,"href":"https:\/\/jcvidracariarj.com.br\/vidracaria\/wp-json\/wp\/v2\/users\/1"}],"replies":[{"embeddable":true,"href":"https:\/\/jcvidracariarj.com.br\/vidracaria\/wp-json\/wp\/v2\/comments?post=15"}],"version-history":[{"count":7,"href":"https:\/\/jcvidracariarj.com.br\/vidracaria\/wp-json\/wp\/v2\/pages\/15\/revisions"}],"predecessor-version":[{"id":376,"href":"https:\/\/jcvidracariarj.com.br\/vidracaria\/wp-json\/wp\/v2\/pages\/15\/revisions\/376"}],"wp:attachment":[{"href":"https:\/\/jcvidracariarj.com.br\/vidracaria\/wp-json\/wp\/v2\/media?parent=15"}],"curies":[{"name":"wp","href":"https:\/\/api.w.org\/{rel}","templated":true}]}}